{"id":17015,"date":"2018-12-16T11:19:24","date_gmt":"2018-12-16T08:19:24","guid":{"rendered":"https:\/\/edtech.nsa.smm.lt\/kontaktai\/"},"modified":"2025-07-14T14:28:59","modified_gmt":"2025-07-14T11:28:59","slug":"contact","status":"publish","type":"page","link":"https:\/\/edtech.nsa.smm.lt\/en\/contact\/","title":{"rendered":"Contact"},"content":{"rendered":"\t\t<div data-elementor-type=\"wp-post\" data-elementor-id=\"17015\" class=\"elementor elementor-17015 elementor-1242\">\n\t\t\t\t<div class=\"elementor-element elementor-element-6ccab76 e-flex e-con-boxed e-con e-parent\" data-id=\"6ccab76\" data-element_type=\"container\">\n\t\t\t\t\t<div class=\"e-con-inner\">\n\t\t<div class=\"elementor-element elementor-element-b87dcac e-con-full e-flex e-con e-child\" data-id=\"b87dcac\" data-element_type=\"container\">\n\t\t\t\t<div class=\"elementor-element elementor-element-4ba4313 elementor-widget__width-initial elementor-widget elementor-widget-text-editor\" data-id=\"4ba4313\" data-element_type=\"widget\" data-widget_type=\"text-editor.default\">\n\t\t\t\t<div class=\"elementor-widget-container\">\n\t\t\t\t\t\t\t\t\t<h2 data-elementor-setting-key=\"title\" data-pen-placeholder=\"Type Here...\"><span style=\"color: #2c2c51; font-family: Inter, sans-serif;\"><span style=\"font-size: 20px;\"><b>Contact us<\/b><\/span><\/span><\/h2><div><span style=\"color: #2c2c51; font-family: Inter, sans-serif;\"><span style=\"font-size: 20px;\"><b>\u00a0<\/b><\/span><\/span><\/div><p data-elementor-setting-key=\"title\" data-pen-placeholder=\"Type Here...\">If you have any questions about the EdTech Centre&#8217;s activities, participation in activities and events, please contact us directly by email.<\/p>\t\t\t\t\t\t\t\t<\/div>\n\t\t\t\t<\/div>\n\t\t\t\t<div class=\"elementor-element elementor-element-6714ac1 elementor-widget__width-initial elementor-widget elementor-widget-text-editor\" data-id=\"6714ac1\" data-element_type=\"widget\" data-widget_type=\"text-editor.default\">\n\t\t\t\t<div class=\"elementor-widget-container\">\n\t\t\t\t\t\t\t\t\t<h2 data-elementor-setting-key=\"title\" data-pen-placeholder=\"Type Here...\"><a style=\"text-align: var(--text-align); font-size: 17px;\" href=\"https:\/\/edtech.nsa.smm.lt\/wp-content\/uploads\/2024\/12\/envelope-fill.svg\"><img decoding=\"async\" src=\"https:\/\/edtech.nsa.smm.lt\/wp-content\/uploads\/2024\/12\/envelope-fill.svg\" alt=\"\" width=\"16\" height=\"16\" \/> <\/a><span style=\"text-align: var(--text-align); color: #333333; font-size: 17px;\">\u00a0<\/span><a style=\"text-align: var(--text-align); font-size: 17px;\" href=\"mailto:edtech@nsa.smm.lt\">edtech@nsa.smm.lt\u00a0<\/a><\/h2>\t\t\t\t\t\t\t\t<\/div>\n\t\t\t\t<\/div>\n\t\t\t\t<\/div>\n\t\t<div class=\"elementor-element elementor-element-95d6caa e-con-full e-flex e-con e-child\" data-id=\"95d6caa\" data-element_type=\"container\">\n\t\t\t\t<div class=\"elementor-element elementor-element-e985650 elementor-widget__width-initial elementor-widget elementor-widget-text-editor\" data-id=\"e985650\" data-element_type=\"widget\" data-widget_type=\"text-editor.default\">\n\t\t\t\t<div class=\"elementor-widget-container\">\n\t\t\t\t\t\t\t\t\t<h2 data-elementor-setting-key=\"title\" data-pen-placeholder=\"Type Here...\"><span style=\"color: #2c2c51; font-family: Inter, sans-serif;\"><span style=\"font-size: 20px;\"><b>Contact us by phone<\/b><\/span><\/span><\/h2><div><span style=\"color: #2c2c51; font-family: Inter, sans-serif;\"><span style=\"font-size: 20px;\"><b>\u00a0<\/b><\/span><\/span><\/div><p data-elementor-setting-key=\"title\" data-pen-placeholder=\"Type Here...\">We are introducing a consultation line for schools. The EdTech Centre will provide consultations and support on the use of digital tools and resources, helping to find solutions to arising questions and challenges.<\/p>\t\t\t\t\t\t\t\t<\/div>\n\t\t\t\t<\/div>\n\t\t\t\t<\/div>\n\t\t\t\t\t<\/div>\n\t\t\t\t<\/div>\n\t\t<div class=\"elementor-element elementor-element-9d5e52e e-flex e-con-boxed e-con e-parent\" data-id=\"9d5e52e\" data-element_type=\"container\">\n\t\t\t\t\t<div class=\"e-con-inner\">\n\t\t<div class=\"elementor-element elementor-element-73c3bab e-con-full e-flex e-con e-child\" data-id=\"73c3bab\" data-element_type=\"container\">\n\t\t\t\t<div class=\"elementor-element elementor-element-1c42dfc elementor-widget__width-initial elementor-widget elementor-widget-text-editor\" data-id=\"1c42dfc\" data-element_type=\"widget\" data-widget_type=\"text-editor.default\">\n\t\t\t\t<div class=\"elementor-widget-container\">\n\t\t\t\t\t\t\t\t\t<h2 style=\"font-size: 20px; font-family: Inter, sans-serif;\" data-elementor-setting-key=\"title\" data-pen-placeholder=\"Type Here...\"><span style=\"color: #2c2c51; font-weight: 600;\">Address<\/span><\/h2>\t\t\t\t\t\t\t\t<\/div>\n\t\t\t\t<\/div>\n\t\t\t\t<div class=\"elementor-element elementor-element-0e6e56c elementor-widget__width-initial elementor-widget elementor-widget-text-editor\" data-id=\"0e6e56c\" data-element_type=\"widget\" data-widget_type=\"text-editor.default\">\n\t\t\t\t<div class=\"elementor-widget-container\">\n\t\t\t\t\t\t\t\t\t<p><img decoding=\"async\" class=\"alignnone size-full wp-image-15130\" src=\"https:\/\/edtech.nsa.smm.lt\/wp-content\/uploads\/2024\/12\/geo-alt-fill.svg\" alt=\"\" width=\"16\" height=\"16\" \/> K. Kalinausko str. 7, Vilnius LT-03017<\/p>\t\t\t\t\t\t\t\t<\/div>\n\t\t\t\t<\/div>\n\t\t\t\t<div class=\"elementor-element elementor-element-d4c15e7 elementor-widget__width-initial elementor-widget elementor-widget-text-editor\" data-id=\"d4c15e7\" data-element_type=\"widget\" data-widget_type=\"text-editor.default\">\n\t\t\t\t<div class=\"elementor-widget-container\">\n\t\t\t\t\t\t\t\t\t<h2 data-elementor-setting-key=\"title\" data-pen-placeholder=\"Type Here...\"><span style=\"color: #2c2c51; font-family: Inter, sans-serif;\"><span style=\"font-size: 20px;\"><b>Follow us<\/b><\/span><\/span><\/h2>\t\t\t\t\t\t\t\t<\/div>\n\t\t\t\t<\/div>\n\t\t\t\t<div class=\"elementor-element elementor-element-f045dbd elementor-widget__width-initial elementor-widget elementor-widget-text-editor\" data-id=\"f045dbd\" data-element_type=\"widget\" data-widget_type=\"text-editor.default\">\n\t\t\t\t<div class=\"elementor-widget-container\">\n\t\t\t\t\t\t\t\t\t<p data-elementor-setting-key=\"title\" data-pen-placeholder=\"Type Here...\"><span style=\"color: #333333; font-family: Inter, sans-serif; font-size: 17px;\">Follow us on social media and be the first to learn about news, insights, and useful information about our activities!<\/span><\/p>\t\t\t\t\t\t\t\t<\/div>\n\t\t\t\t<\/div>\n\t\t\t\t<div class=\"elementor-element elementor-element-26e61f5 elementor-shape-square e-grid-align-left elementor-grid-0 elementor-widget elementor-widget-social-icons\" data-id=\"26e61f5\" data-element_type=\"widget\" data-widget_type=\"social-icons.default\">\n\t\t\t\t<div class=\"elementor-widget-container\">\n\t\t\t\t\t\t\t<div class=\"elementor-social-icons-wrapper elementor-grid\" role=\"list\">\n\t\t\t\t\t\t\t<span class=\"elementor-grid-item\" role=\"listitem\">\n\t\t\t\t\t<a class=\"elementor-icon elementor-social-icon elementor-social-icon-facebook-f elementor-repeater-item-41512b6\" href=\"https:\/\/www.facebook.com\/nsa.smm\" target=\"_blank\">\n\t\t\t\t\t\t<span class=\"elementor-screen-only\">Facebook-f<\/span>\n\t\t\t\t\t\t<svg class=\"e-font-icon-svg e-fab-facebook-f\" viewBox=\"0 0 320 512\" xmlns=\"http:\/\/www.w3.org\/2000\/svg\"><path d=\"M279.14 288l14.22-92.66h-88.91v-60.13c0-25.35 12.42-50.06 52.24-50.06h40.42V6.26S260.43 0 225.36 0c-73.22 0-121.08 44.38-121.08 124.72v70.62H22.89V288h81.39v224h100.17V288z\"><\/path><\/svg>\t\t\t\t\t<\/a>\n\t\t\t\t<\/span>\n\t\t\t\t\t\t\t<span class=\"elementor-grid-item\" role=\"listitem\">\n\t\t\t\t\t<a class=\"elementor-icon elementor-social-icon elementor-social-icon-youtube elementor-repeater-item-d9ce614\" href=\"https:\/\/www.youtube.com\/@nacionalinesvietimoagentur7525\" target=\"_blank\">\n\t\t\t\t\t\t<span class=\"elementor-screen-only\">Youtube<\/span>\n\t\t\t\t\t\t<svg class=\"e-font-icon-svg e-fab-youtube\" viewBox=\"0 0 576 512\" xmlns=\"http:\/\/www.w3.org\/2000\/svg\"><path d=\"M549.655 124.083c-6.281-23.65-24.787-42.276-48.284-48.597C458.781 64 288 64 288 64S117.22 64 74.629 75.486c-23.497 6.322-42.003 24.947-48.284 48.597-11.412 42.867-11.412 132.305-11.412 132.305s0 89.438 11.412 132.305c6.281 23.65 24.787 41.5 48.284 47.821C117.22 448 288 448 288 448s170.78 0 213.371-11.486c23.497-6.321 42.003-24.171 48.284-47.821 11.412-42.867 11.412-132.305 11.412-132.305s0-89.438-11.412-132.305zm-317.51 213.508V175.185l142.739 81.205-142.739 81.201z\"><\/path><\/svg>\t\t\t\t\t<\/a>\n\t\t\t\t<\/span>\n\t\t\t\t\t\t\t<span class=\"elementor-grid-item\" role=\"listitem\">\n\t\t\t\t\t<a class=\"elementor-icon elementor-social-icon elementor-social-icon-linkedin elementor-repeater-item-0d7ec0c\" href=\"https:\/\/www.linkedin.com\/company\/nacionalinesvietimoagentura\/\" target=\"_blank\">\n\t\t\t\t\t\t<span class=\"elementor-screen-only\">Linkedin<\/span>\n\t\t\t\t\t\t<svg class=\"e-font-icon-svg e-fab-linkedin\" viewBox=\"0 0 448 512\" xmlns=\"http:\/\/www.w3.org\/2000\/svg\"><path d=\"M416 32H31.9C14.3 32 0 46.5 0 64.3v383.4C0 465.5 14.3 480 31.9 480H416c17.6 0 32-14.5 32-32.3V64.3c0-17.8-14.4-32.3-32-32.3zM135.4 416H69V202.2h66.5V416zm-33.2-243c-21.3 0-38.5-17.3-38.5-38.5S80.9 96 102.2 96c21.2 0 38.5 17.3 38.5 38.5 0 21.3-17.2 38.5-38.5 38.5zm282.1 243h-66.4V312c0-24.8-.5-56.7-34.5-56.7-34.6 0-39.9 27-39.9 54.9V416h-66.4V202.2h63.7v29.2h.9c8.9-16.8 30.6-34.5 62.9-34.5 67.2 0 79.7 44.3 79.7 101.9V416z\"><\/path><\/svg>\t\t\t\t\t<\/a>\n\t\t\t\t<\/span>\n\t\t\t\t\t<\/div>\n\t\t\t\t\t\t<\/div>\n\t\t\t\t<\/div>\n\t\t\t\t<\/div>\n\t\t<div class=\"elementor-element elementor-element-86f6ecd e-con-full e-flex e-con e-child\" data-id=\"86f6ecd\" data-element_type=\"container\">\n\t\t\t\t<div class=\"elementor-element elementor-element-5f7f19a elementor-widget elementor-widget-google_maps\" data-id=\"5f7f19a\" data-element_type=\"widget\" data-widget_type=\"google_maps.default\">\n\t\t\t\t<div class=\"elementor-widget-container\">\n\t\t\t\t\t\t\t<div class=\"elementor-custom-embed\">\n\t\t\t<iframe loading=\"lazy\"\n\t\t\t\t\tsrc=\"https:\/\/maps.google.com\/maps?q=Nacionalin%C4%97%20%C5%A1vietimo%20agent%C5%ABra&#038;t=m&#038;z=12&#038;output=embed&#038;iwloc=near\"\n\t\t\t\t\ttitle=\"Nacionalin\u0117 \u0161vietimo agent\u016bra\"\n\t\t\t\t\taria-label=\"Nacionalin\u0117 \u0161vietimo agent\u016bra\"\n\t\t\t><\/iframe>\n\t\t<\/div>\n\t\t\t\t\t\t<\/div>\n\t\t\t\t<\/div>\n\t\t\t\t<\/div>\n\t\t\t\t\t<\/div>\n\t\t\t\t<\/div>\n\t\t\t\t<section class=\"elementor-section elementor-top-section elementor-element elementor-element-1e9d26d0 elementor-section-full_width elementor-section-height-default elementor-section-height-default\" data-id=\"1e9d26d0\" data-element_type=\"section\">\n\t\t\t\t\t\t<div class=\"elementor-container elementor-column-gap-no\">\n\t\t\t\t\t<div class=\"elementor-column elementor-col-100 elementor-top-column elementor-element elementor-element-4775dfbd\" data-id=\"4775dfbd\" data-element_type=\"column\">\n\t\t\t<div class=\"elementor-widget-wrap elementor-element-populated\">\n\t\t\t\t\t\t<div class=\"elementor-element elementor-element-ab30ab5 elementor-widget elementor-widget-Saasland_team\" data-id=\"ab30ab5\" data-element_type=\"widget\" data-widget_type=\"Saasland_team.default\">\n\t\t\t\t<div class=\"elementor-widget-container\">\n\t\t\t\t\t<section class=\"experts_team_area sec_pad\">\r\n    <div class=\"container\">\r\n        <div class=\"sec_title text-center mb_70\">\r\n                        <h2 class=\"sec_main_title f_p f_size_30 l_height30 f_700 t_color3 mb_20\r\n                        wow fadeInUp\" data-wow-delay=\"0.2s\">\r\n                Contact our team            <\/h2>\r\n                                    <p class=\"f_300 f_size_16 wow fadeInUp\" data-wow-delay=\"0.4s\">Our team is made up of education and technology professionals ready to help schools use digital tools effectively. Contact us for advice and support - we're here to make your digital journey a success.<\/p>        <\/div>\r\n        <div class=\"row\">\r\n                        <div class=\"col-lg-3 col-sm-6\">\r\n                <div class=\"ex_team_item wow fadeInUp\" data-wow-delay=\"0.2s\">\r\n                    <img decoding=\"async\" src=\"https:\/\/edtech.nsa.smm.lt\/wp-content\/uploads\/2024\/10\/Asta-foto-1024x892-1.webp\" alt=\"Asta Urmanavi\u010dien\u0117\">\r\n                    <div class=\"team_content\">\r\n                                                <a href=\"#\">\r\n                            <h3 class=\"f_p f_size_16 f_600 t_color3\">Asta Urmanavi\u010dien\u0117<\/h3>\r\n                        <\/a>\r\n                                                                        <h5> Head of Technology <\/h5>\r\n                                            <\/div>\r\n                    <div class=\"hover_content\">\r\n                        <div class=\"n_hover_content\">\r\n                            <ul class=\"list-unstyled\">\r\n                                \r\n                                \r\n                                \r\n                                \r\n                                \r\n                            <\/ul>\r\n                            <div class=\"br\"><\/div>\r\n                                                        <a href=\"#\">\r\n                                <h3 class=\"f_p f_size_16 f_600 w_color\">Asta Urmanavi\u010dien\u0117<\/h3>\r\n                            <\/a>\r\n                                                                                    <h5> Head of Technology <\/h5>\r\n                                                    <\/div>\r\n                    <\/div>\r\n\r\n                <\/div>\r\n            <\/div>\r\n                        <div class=\"col-lg-3 col-sm-6\">\r\n                <div class=\"ex_team_item wow fadeInUp\" data-wow-delay=\"0.2s\">\r\n                    <img decoding=\"async\" src=\"https:\/\/edtech.nsa.smm.lt\/wp-content\/uploads\/2024\/10\/5-1024x1024-1.webp\" alt=\"Rita Losevi\u010d\">\r\n                    <div class=\"team_content\">\r\n                                                <a href=\"#\">\r\n                            <h3 class=\"f_p f_size_16 f_600 t_color3\">Rita Losevi\u010d<\/h3>\r\n                        <\/a>\r\n                                                                        <h5> Digital Competences Programme Specialist <\/h5>\r\n                                            <\/div>\r\n                    <div class=\"hover_content\">\r\n                        <div class=\"n_hover_content\">\r\n                            <ul class=\"list-unstyled\">\r\n                                \r\n                                \r\n                                \r\n                                \r\n                                \r\n                            <\/ul>\r\n                            <div class=\"br\"><\/div>\r\n                                                        <a href=\"#\">\r\n                                <h3 class=\"f_p f_size_16 f_600 w_color\">Rita Losevi\u010d<\/h3>\r\n                            <\/a>\r\n                                                                                    <h5> Digital Competences Programme Specialist <\/h5>\r\n                                                    <\/div>\r\n                    <\/div>\r\n\r\n                <\/div>\r\n            <\/div>\r\n                                <\/div>\r\n    <\/div>\r\n<\/section>\r\n\t\t\t\t<\/div>\n\t\t\t\t<\/div>\n\t\t\t\t\t<\/div>\n\t\t<\/div>\n\t\t\t\t\t<\/div>\n\t\t<\/section>\n\t\t\t\t<\/div>\n\t\t","protected":false},"excerpt":{"rendered":"<p>Contact us \u00a0 If you have any questions about the EdTech Centre&#8217;s activities, participation in activities and events, please contact us directly by email. \u00a0edtech@nsa.smm.lt\u00a0 Contact us by phone \u00a0 We are introducing a consultation line for schools. The EdTech Centre will provide consultations and support on the use of digital tools and resources, helping&#8230;<\/p>\n","protected":false},"author":3,"featured_media":0,"parent":0,"menu_order":0,"comment_status":"closed","ping_status":"closed","template":"","meta":{"_acf_changed":false,"_monsterinsights_skip_tracking":false,"_monsterinsights_sitenote_active":false,"_monsterinsights_sitenote_note":"","_monsterinsights_sitenote_category":0,"footnotes":""},"acf":[],"aioseo_notices":[],"_links":{"self":[{"href":"https:\/\/edtech.nsa.smm.lt\/en\/wp-json\/wp\/v2\/pages\/17015"}],"collection":[{"href":"https:\/\/edtech.nsa.smm.lt\/en\/wp-json\/wp\/v2\/pages"}],"about":[{"href":"https:\/\/edtech.nsa.smm.lt\/en\/wp-json\/wp\/v2\/types\/page"}],"author":[{"embeddable":true,"href":"https:\/\/edtech.nsa.smm.lt\/en\/wp-json\/wp\/v2\/users\/3"}],"replies":[{"embeddable":true,"href":"https:\/\/edtech.nsa.smm.lt\/en\/wp-json\/wp\/v2\/comments?post=17015"}],"version-history":[{"count":11,"href":"https:\/\/edtech.nsa.smm.lt\/en\/wp-json\/wp\/v2\/pages\/17015\/revisions"}],"predecessor-version":[{"id":17946,"href":"https:\/\/edtech.nsa.smm.lt\/en\/wp-json\/wp\/v2\/pages\/17015\/revisions\/17946"}],"wp:attachment":[{"href":"https:\/\/edtech.nsa.smm.lt\/en\/wp-json\/wp\/v2\/media?parent=17015"}],"curies":[{"name":"wp","href":"https:\/\/api.w.org\/{rel}","templated":true}]}}